{"id":16,"date":"2024-03-17T18:37:30","date_gmt":"2024-03-17T17:37:30","guid":{"rendered":"https:\/\/seelen-reich.de\/?page_id=16"},"modified":"2025-01-12T20:23:54","modified_gmt":"2025-01-12T19:23:54","slug":"about-2","status":"publish","type":"page","link":"https:\/\/seelen-reich.de\/index.php\/about-2\/","title":{"rendered":"About"},"content":{"rendered":"\n<h2 class=\"wp-block-heading has-large-font-size\" id=\"inspiro-is-a-digital-product-agency-that-focuses-on-strategy-and-design\" style=\"font-style:normal;font-weight:100\"><strong>Seelenreich m\u00f6chte auf die h\u00f6here Ordnung der Seele hinweisen, die den Menschen wieder heil werden l\u00e4sst<\/strong><\/h2>\n\n\n\n<div style=\"height:100px\" aria-hidden=\"true\" class=\"wp-block-spacer\"><\/div>\n\n\n\n<figure class=\"wp-block-image alignleft size-full is-resized\"><img loading=\"lazy\" decoding=\"async\" width=\"480\" height=\"640\" src=\"http:\/\/seelen-reich.de\/wp-content\/uploads\/2025\/01\/IMG_3744.jpg\" alt=\"Christrose\" class=\"wp-image-74\" style=\"width:290px;height:auto\" srcset=\"https:\/\/seelen-reich.de\/wp-content\/uploads\/2025\/01\/IMG_3744.jpg 480w, https:\/\/seelen-reich.de\/wp-content\/uploads\/2025\/01\/IMG_3744-225x300.jpg 225w\" sizes=\"auto, (max-width: 480px) 100vw, 480px\" \/><\/figure>\n\n\n\n<div class=\"wp-block-columns alignwide is-layout-flex wp-container-core-columns-is-layout-1 wp-block-columns-is-layout-flex\">\n<div class=\"wp-block-column is-vertically-aligned-stretch is-layout-flow wp-block-column-is-layout-flow\">\n<p class=\"has-black-color has-text-color has-medium-font-size\">Naturbetrachtung<\/p>\n\n\n\n<p class=\"has-text-color\" style=\"color:#7a7a7a\">Naturbetrachtungen f\u00fchren den Geist und die Seele in n\u00e4here Beziehung. Dadurch kann sich das Objekt der Betrachtung in seiner Wahrheit aussprechen.<\/p>\n<\/div>\n\n\n\n<div class=\"wp-block-column is-layout-flow wp-block-column-is-layout-flow\">\n<figure class=\"wp-block-image size-large\"><img loading=\"lazy\" decoding=\"async\" width=\"1024\" height=\"768\" src=\"http:\/\/seelen-reich.de\/wp-content\/uploads\/2025\/01\/IMG_3722-1024x768.jpg\" alt=\"Yoga 1\" class=\"wp-image-87\" srcset=\"https:\/\/seelen-reich.de\/wp-content\/uploads\/2025\/01\/IMG_3722-1024x768.jpg 1024w, https:\/\/seelen-reich.de\/wp-content\/uploads\/2025\/01\/IMG_3722-300x225.jpg 300w, https:\/\/seelen-reich.de\/wp-content\/uploads\/2025\/01\/IMG_3722-2000x1500.jpg 2000w\" sizes=\"auto, (max-width: 1024px) 100vw, 1024px\" \/><\/figure>\n\n\n\n<p class=\"has-black-color has-text-color has-medium-font-size\">Yoga-Asanas<\/p>\n\n\n\n<p class=\"has-text-color\" style=\"color:#7a7a7a\">f\u00fchren zu einer dynamischen Harmonie wenn der Gedanke die Bewegung f\u00fchrt.<\/p>\n<\/div>\n\n\n\n<div class=\"wp-block-column is-layout-flow wp-block-column-is-layout-flow\">\n<p class=\"has-black-color has-text-color has-medium-font-size\"><a href=\"#\">Praktische \u00dcbungen<\/a><\/p>\n\n\n\n<figure class=\"wp-block-image size-large is-resized\"><img loading=\"lazy\" decoding=\"async\" width=\"768\" height=\"1024\" src=\"http:\/\/seelen-reich.de\/wp-content\/uploads\/2025\/01\/IMG_0794-768x1024.jpg\" alt=\"\u00c4gypten 2\" class=\"wp-image-89\" style=\"width:295px;height:auto\" srcset=\"https:\/\/seelen-reich.de\/wp-content\/uploads\/2025\/01\/IMG_0794-768x1024.jpg 768w, https:\/\/seelen-reich.de\/wp-content\/uploads\/2025\/01\/IMG_0794-225x300.jpg 225w, https:\/\/seelen-reich.de\/wp-content\/uploads\/2025\/01\/IMG_0794-2000x2667.jpg 2000w, https:\/\/seelen-reich.de\/wp-content\/uploads\/2025\/01\/IMG_0794-scaled.jpg 1920w\" sizes=\"auto, (max-width: 768px) 100vw, 768px\" \/><figcaption class=\"wp-element-caption\">\u00c4gypten 2<\/figcaption><\/figure>\n\n\n\n<p class=\"has-text-color\" style=\"color:#7a7a7a\">Studium, Forschung und Erkenntnisgewinn beleben und st\u00e4rken die Seele und erweitern das Bewusstsein<\/p>\n<\/div>\n<\/div>\n\n\n\n<div class=\"wp-block-cover\"><span aria-hidden=\"true\" class=\"wp-block-cover__background has-background-dim\"><\/span><img loading=\"lazy\" decoding=\"async\" width=\"428\" height=\"640\" class=\"wp-block-cover__image-background wp-image-109\" alt=\"\" src=\"http:\/\/seelen-reich.de\/wp-content\/uploads\/2025\/01\/IMG_3320.jpg\" data-object-fit=\"cover\" srcset=\"https:\/\/seelen-reich.de\/wp-content\/uploads\/2025\/01\/IMG_3320.jpg 428w, https:\/\/seelen-reich.de\/wp-content\/uploads\/2025\/01\/IMG_3320-201x300.jpg 201w\" sizes=\"auto, (max-width: 428px) 100vw, 428px\" \/><div class=\"wp-block-cover__inner-container is-layout-flow wp-block-cover-is-layout-flow\">\n<p class=\"has-text-align-center has-large-font-size\">Der Mensch ist ein Mikrokosmos, der mit dem Makrokosmos in Verbindung steht<\/p>\n<\/div><\/div>\n\n\n\n<h3 class=\"wp-block-heading has-large-font-size\" id=\"inspiro-is-a-digital-product-agency-that-focuses-on-strategy-and-desig\" style=\"font-style:normal;font-weight:300\">Musik<\/h3>\n\n\n\n<figure class=\"wp-block-audio\"><audio controls src=\"http:\/\/seelen-reich.de\/wp-content\/uploads\/2025\/01\/Mantra-Lokah.-1-1.mp3\"><\/audio><\/figure>\n\n\n\n<figure class=\"wp-block-image size-full is-resized\"><img decoding=\"async\" src=\"http:\/\/seelen-reich.de\/wp-content\/uploads\/2025\/01\/Mantra-Lokah.-1-2.mp3\" alt=\"\" class=\"wp-image-90\" style=\"aspect-ratio:1;width:20px;height:auto\"\/><\/figure>\n\n\n\n<figure class=\"wp-block-audio\"><audio controls src=\"http:\/\/seelen-reich.de\/wp-content\/uploads\/2025\/01\/Im-Gedanken-liegt-der-Geist_VPB-2.mp3\"><\/audio><\/figure>\n\n\n\n<div style=\"height:100px\" aria-hidden=\"true\" class=\"wp-block-spacer\"><\/div>\n\n\n\n<div class=\"wp-block-cover alignfull\" style=\"padding-top:50px;padding-right:50px;padding-bottom:50px;padding-left:50px;min-height:316px;aspect-ratio:unset;\"><span aria-hidden=\"true\" class=\"wp-block-cover__background has-black-background-color has-background-dim-100 has-background-dim\"><\/span><div class=\"wp-block-cover__inner-container is-layout-flow wp-block-cover-is-layout-flow\">\n<div class=\"wp-block-columns are-vertically-aligned-center is-layout-flex wp-container-core-columns-is-layout-2 wp-block-columns-is-layout-flex\">\n<div class=\"wp-block-column is-vertically-aligned-center is-layout-flow wp-block-column-is-layout-flow\" style=\"padding-top:20px;padding-right:0px;padding-bottom:20px;padding-left:0px\">\n<div class=\"wp-block-group is-content-justification-space-between is-nowrap is-layout-flex wp-container-core-group-is-layout-2 wp-block-group-is-layout-flex\">\n<figure class=\"wp-block-image size-full\"><img decoding=\"async\" src=\"https:\/\/seelen-reich.de\/wp-content\/themes\/inspiro\/assets\/images\/laurel_left.png\" alt=\"\"\/><\/figure>\n\n\n\n<div class=\"wp-block-group is-layout-flow wp-block-group-is-layout-flow\">\n<p class=\"has-text-align-center has-white-color has-text-color\" style=\"font-size:clamp(14px, 0.875rem + ((1vw - 3.2px) * 0.417), 18px);line-height:1\"><strong>&#8222;Best Film&#8220;<br><\/strong>Winner<\/p>\n<\/div>\n\n\n\n<figure class=\"wp-block-image size-full\"><img decoding=\"async\" src=\"https:\/\/seelen-reich.de\/wp-content\/themes\/inspiro\/assets\/images\/laurel_right.png\" alt=\"\"\/><\/figure>\n<\/div>\n<\/div>\n\n\n\n<div class=\"wp-block-column is-vertically-aligned-center is-layout-flow wp-block-column-is-layout-flow\" style=\"padding-top:20px;padding-right:0px;padding-bottom:20px;padding-left:0px\">\n<div class=\"wp-block-group is-content-justification-space-between is-nowrap is-layout-flex wp-container-core-group-is-layout-4 wp-block-group-is-layout-flex\">\n<figure class=\"wp-block-image size-full\"><img decoding=\"async\" src=\"https:\/\/seelen-reich.de\/wp-content\/themes\/inspiro\/assets\/images\/laurel_left.png\" alt=\"\"\/><\/figure>\n\n\n\n<div class=\"wp-block-group is-layout-flow wp-block-group-is-layout-flow\">\n<p class=\"has-text-align-center has-white-color has-text-color\" style=\"font-size:clamp(14px, 0.875rem + ((1vw - 3.2px) * 0.417), 18px);line-height:1\"><strong>&#8222;New Film Festival&#8220;<\/strong><br>Winner<\/p>\n<\/div>\n\n\n\n<figure class=\"wp-block-image size-full\"><img decoding=\"async\" src=\"https:\/\/seelen-reich.de\/wp-content\/themes\/inspiro\/assets\/images\/laurel_right.png\" alt=\"\"\/><\/figure>\n<\/div>\n<\/div>\n\n\n\n<div class=\"wp-block-column is-vertically-aligned-center is-layout-flow wp-block-column-is-layout-flow\" style=\"padding-top:20px;padding-right:0px;padding-bottom:20px;padding-left:0px\">\n<div class=\"wp-block-group is-content-justification-space-between is-nowrap is-layout-flex wp-container-core-group-is-layout-6 wp-block-group-is-layout-flex\">\n<figure class=\"wp-block-image size-full\"><img decoding=\"async\" src=\"https:\/\/seelen-reich.de\/wp-content\/themes\/inspiro\/assets\/images\/laurel_left.png\" alt=\"\"\/><\/figure>\n\n\n\n<div class=\"wp-block-group is-layout-flow wp-block-group-is-layout-flow\">\n<p class=\"has-text-align-center has-white-color has-text-color\" style=\"font-size:clamp(14px, 0.875rem + ((1vw - 3.2px) * 0.417), 18px);line-height:1\"><strong>&#8222;Best Short&#8220;<\/strong><br>Winner<\/p>\n<\/div>\n\n\n\n<figure class=\"wp-block-image size-full\"><img decoding=\"async\" src=\"https:\/\/seelen-reich.de\/wp-content\/themes\/inspiro\/assets\/images\/laurel_right.png\" alt=\"\"\/><\/figure>\n<\/div>\n<\/div>\n<\/div>\n<\/div><\/div>\n\n\n\n<figure class=\"wp-block-image size-full\"><img decoding=\"async\" src=\"http:\/\/seelen-reich.de\/wp-content\/uploads\/2025\/01\/Im-Gedanken-liegt-der-Geist_VPB-2.mp3\" alt=\"\" class=\"wp-image-97\"\/><\/figure>\n","protected":false},"excerpt":{"rendered":"<p>Seelenreich m\u00f6chte auf die h\u00f6here Ordnung der Seele hinweisen, die den Menschen wieder heil werden l\u00e4sst Naturbetrachtung Naturbetrachtungen f\u00fchren den Geist und die Seele in n\u00e4here Beziehung. Dadurch kann sich das Objekt der Betrachtung in seiner Wahrheit aussprechen. Yoga-Asanas f\u00fchren zu einer dynamischen Harmonie wenn der Gedanke die Bewegung f\u00fchrt. Praktische \u00dcbungen Studium, Forschung und &hellip; <\/p>\n<p class=\"link-more\"><a href=\"https:\/\/seelen-reich.de\/index.php\/about-2\/\" class=\"more-link\">Mehr <span class=\"screen-reader-text\">\u00fcber &#8222;About&#8220; <\/span>Lesen<\/a><\/p>\n","protected":false},"author":1,"featured_media":13,"parent":0,"menu_order":0,"comment_status":"closed","ping_status":"closed","template":"","meta":{"footnotes":""},"class_list":["post-16","page","type-page","status-publish","has-post-thumbnail","hentry"],"_links":{"self":[{"href":"https:\/\/seelen-reich.de\/index.php\/wp-json\/wp\/v2\/pages\/16","targetHints":{"allow":["GET"]}}],"collection":[{"href":"https:\/\/seelen-reich.de\/index.php\/wp-json\/wp\/v2\/pages"}],"about":[{"href":"https:\/\/seelen-reich.de\/index.php\/wp-json\/wp\/v2\/types\/page"}],"author":[{"embeddable":true,"href":"https:\/\/seelen-reich.de\/index.php\/wp-json\/wp\/v2\/users\/1"}],"replies":[{"embeddable":true,"href":"https:\/\/seelen-reich.de\/index.php\/wp-json\/wp\/v2\/comments?post=16"}],"version-history":[{"count":7,"href":"https:\/\/seelen-reich.de\/index.php\/wp-json\/wp\/v2\/pages\/16\/revisions"}],"predecessor-version":[{"id":111,"href":"https:\/\/seelen-reich.de\/index.php\/wp-json\/wp\/v2\/pages\/16\/revisions\/111"}],"wp:featuredmedia":[{"embeddable":true,"href":"https:\/\/seelen-reich.de\/index.php\/wp-json\/wp\/v2\/media\/13"}],"wp:attachment":[{"href":"https:\/\/seelen-reich.de\/index.php\/wp-json\/wp\/v2\/media?parent=16"}],"curies":[{"name":"wp","href":"https:\/\/api.w.org\/{rel}","templated":true}]}}