{"id":15,"date":"2024-03-17T18:37:30","date_gmt":"2024-03-17T17:37:30","guid":{"rendered":"https:\/\/seelen-reich.de\/?page_id=15"},"modified":"2025-01-12T20:17:48","modified_gmt":"2025-01-12T19:17:48","slug":"homepage-2","status":"publish","type":"page","link":"https:\/\/seelen-reich.de\/","title":{"rendered":"Homepage"},"content":{"rendered":"\n<div class=\"wp-block-cover alignfull is-light\" style=\"min-height:100vh;aspect-ratio:unset;\"><span aria-hidden=\"true\" class=\"wp-block-cover__background has-background-dim-20 has-background-dim\"><\/span><video class=\"wp-block-cover__video-background intrinsic-ignore\" autoplay muted loop playsinline src=\"http:\/\/demo.wpzoom.com\/inspiro-lite\/files\/2022\/03\/Pexels-Videos-1409899-1.mp4\" data-object-fit=\"cover\"><\/video><div class=\"wp-block-cover__inner-container has-global-padding is-layout-constrained wp-block-cover-is-layout-constrained\">\n<p class=\"has-text-align-center has-white-color has-text-color has-max-60-font-size\" style=\"font-style:normal;font-weight:900;line-height:1.2\">Der neue Weg des Herzens zum Aufbau und St\u00e4rkung der <strong>Seele.<\/strong><\/p>\n\n\n\n<p class=\"has-text-align-center has-white-color has-text-color has-medium-font-size\"><\/p>\n\n\n\n<div class=\"wp-block-buttons is-content-justification-center is-layout-flex wp-container-core-buttons-is-layout-1 wp-block-buttons-is-layout-flex\">\n<div class=\"wp-block-button is-style-outline is-style-outline--1\"><a class=\"wp-block-button__link has-white-color has-text-color wp-element-button\" href=\"#\" style=\"border-radius:0px\">Das Herz verbindet Himmel und Erde <\/a><\/div>\n<\/div>\n<\/div><\/div>\n\n\n\n<div class=\"wp-block-group has-global-padding is-layout-constrained wp-block-group-is-layout-constrained\">\n<div style=\"height:57px\" aria-hidden=\"true\" class=\"wp-block-spacer\"><\/div>\n\n\n\n<h2 class=\"wp-block-heading has-text-align-center has-medium-font-size\" style=\"letter-spacing:1px\">Was ist der neue Weg des Herzens ?<\/h2>\n\n\n\n<p class=\"has-text-align-center\">Die Entwicklung und St\u00e4rkung von Seelenkr\u00e4ften scheint gerade derzeit eine der wichtigsten Aufgaben des Menschen zu sein. Um den vielen Anforderungen des Lebens begegnen zu k\u00f6nnen bietet dieser Weg eine einzigartige M\u00f6glichkeit. Diese Seelenkr\u00e4fte, die nach der okkulten Tradition als das Denken, das F\u00fchlen und der Wille bezeichnet werden, m\u00fcssen in ihrer Kraft und Sch\u00f6nheit entdeckt werden um sich zu weiter zu entwickeln, sodass eine Verbindung des Menschen mit seiner geistigen Quelle wieder hergestellt werden kann. Der Mensch sollte zu dem werden, der er ist.<\/p>\n\n\n\n<p>Dies ist letztlich auch die wahre Sehnsucht der Seele, die immer in Beziehung sein, sich weiten und entwickeln m\u00f6chte. Dies kann aber oftmals lange Zeit unerkannt bleiben, weshalb es n\u00f6tig ist, dass der Mensch sich auf den Weg macht um die Seelenkr\u00e4fte zu entdecken und sie freudig benutzen zu k\u00f6nnen. <\/p>\n\n\n\n<p>Durch die stufenweise Transformation n\u00e4hert der Mensch sich wieder seiner wahren Aufgabe und Bestimmung an. Dies bereitet Freude, stabilisiert die Gesundheit, erweckt die Sch\u00f6pferkr\u00e4fte und bringt die Beziehungsf\u00e4higkeit in eine neue Qualit\u00e4t. Das Leben wird neu mit Sinn erf\u00fcllt und neu geordnet. Lebenskraft, Sch\u00f6nheit und St\u00e4rke sind die weitere Folge.<\/p>\n\n\n\n<p>Der neue Weg des Herzens ist ein praktischer \u00dcbungsweg, der sich vor allem durch Seelen\u00fcbungen, Meditation, objektive Wahrnehmung und gemeinsames Erarbeiten von spirituellen Inhalten auszeichnet. Aber auch k\u00fcnstlerische Inspirationen, singen, Bewegung, Naturbetrachtung und Yoga-Asanas bilden einen Teil dieses Weges.<\/p>\n\n\n\n<p>Gerade in den Zeiten, in denen eine materialistische Denkweise vorherrschend ist, w\u00e4re es sinnvoll, wenn sich Menschen zusammen finden und austauschen um gemeinsam an geistigen und seelischen Fragen zu arbeiten, damit Oasen des Lichtes und der Sonne entstehen k\u00f6nnen, die heilsam ausstrahlend f\u00fcr alle wirken.<\/p>\n\n\n\n<p>Das Ziel ist Freiheit, nicht \u00e4ussere Freiheit ist damit gemeint, sondern Freiheit von verg\u00e4nglichen Bindungen und Anhaftungen, die in den unteren Ebenen des Seelenlebens verborgene Hindernisse bilden. Die bewegliche, lichte Dynamik eines lebendigen Seelenlebens besitzt die Kraft eine neue Ordnung und Reinheit im Seelenleben herzustellen, die vom Licht des Geistes gef\u00fchrt wird.<\/p>\n\n\n\n<div class=\"wp-block-buttons is-horizontal is-content-justification-center is-layout-flex wp-container-core-buttons-is-layout-2 wp-block-buttons-is-layout-flex\">\n<div class=\"wp-block-button has-custom-font-size is-style-outline has-small-font-size is-style-outline--2\"><a class=\"wp-block-button__link wp-element-button\" href=\"#\" style=\"border-radius:0px\">\u00dcber uns<\/a><\/div>\n<\/div>\n\n\n\n<div style=\"height:143px\" aria-hidden=\"true\" class=\"wp-block-spacer\"><\/div>\n<\/div>\n\n\n\n<div class=\"wp-block-group alignfull pattern_multiple_covers has-background has-global-padding is-layout-constrained wp-block-group-is-layout-constrained\" id=\"services\" style=\"background-color:#f8f8f8\">\n<div id=\"news\" class=\"wp-block-group has-global-padding is-layout-constrained wp-block-group-is-layout-constrained\">\n<div style=\"height:108px\" aria-hidden=\"true\" class=\"wp-block-spacer\"><\/div>\n\n\n\n<p class=\"has-text-align-left has-secondary-color has-text-color\">AUS DEM BLOG<\/p>\n\n\n\n<h2 class=\"wp-block-heading has-text-align-left\">Die letzten Beitr\u00e4ge<\/h2>\n\n\n\n<div style=\"height:33px\" aria-hidden=\"true\" class=\"wp-block-spacer\"><\/div>\n\n\n\n<div class=\"wp-block-query is-layout-flow wp-block-query-is-layout-flow\"><ul class=\"columns-3 wp-block-post-template is-layout-grid wp-container-core-post-template-is-layout-1 wp-block-post-template-is-layout-grid\"><li class=\"wp-block-post post-115 post type-post status-publish format-standard hentry category-blog\">\n<div style=\"margin-top:0;margin-bottom:0;\" class=\"has-link-color wp-elements-a1817b6b9e4eaefd5826fde68b0a8fdb wp-block-post-date has-text-color has-tertiary-color\"><time datetime=\"2025-01-12T20:28:36+01:00\">12. Januar 2025<\/time><\/div>\n\n<h1 style=\"margin-top:0;margin-bottom:var(--wp--preset--spacing--x-small);\" class=\"has-link-color wp-elements-818647ddaecc5acff8cb84a4c982022c wp-block-post-title\"><a href=\"https:\/\/seelen-reich.de\/index.php\/2025\/01\/12\/die-zwei-wege\/\" target=\"_self\" >Die zwei Wege<\/a><\/h1>\n\n<a style=\"text-transform:uppercase; border-width:2px; padding-right:var(--wp--preset--spacing--x-small);padding-left:var(--wp--preset--spacing--x-small);padding-top:10px;padding-bottom:10px;\" class=\"wp-block-read-more has-text-color has-foreground-color\" href=\"https:\/\/seelen-reich.de\/index.php\/2025\/01\/12\/die-zwei-wege\/\" target=\"_self\">Weiterlesen<span class=\"screen-reader-text\">: Die zwei Wege<\/span><\/a>\n<\/li><li class=\"wp-block-post post-101 post type-post status-publish format-standard hentry category-blog\">\n<div style=\"margin-top:0;margin-bottom:0;\" class=\"has-link-color wp-elements-a1817b6b9e4eaefd5826fde68b0a8fdb wp-block-post-date has-text-color has-tertiary-color\"><time datetime=\"2025-01-07T18:42:33+01:00\">7. Januar 2025<\/time><\/div>\n\n<h1 style=\"margin-top:0;margin-bottom:var(--wp--preset--spacing--x-small);\" class=\"has-link-color wp-elements-818647ddaecc5acff8cb84a4c982022c wp-block-post-title\"><a href=\"https:\/\/seelen-reich.de\/index.php\/2025\/01\/07\/atemuebung\/\" target=\"_self\" >Atem\u00fcbung<\/a><\/h1>\n\n<a style=\"text-transform:uppercase; border-width:2px; padding-right:var(--wp--preset--spacing--x-small);padding-left:var(--wp--preset--spacing--x-small);padding-top:10px;padding-bottom:10px;\" class=\"wp-block-read-more has-text-color has-foreground-color\" href=\"https:\/\/seelen-reich.de\/index.php\/2025\/01\/07\/atemuebung\/\" target=\"_self\">Weiterlesen<span class=\"screen-reader-text\">: Atem\u00fcbung<\/span><\/a>\n<\/li><li class=\"wp-block-post post-80 post type-post status-publish format-standard hentry category-blog\">\n<div style=\"margin-top:0;margin-bottom:0;\" class=\"has-link-color wp-elements-a1817b6b9e4eaefd5826fde68b0a8fdb wp-block-post-date has-text-color has-tertiary-color\"><time datetime=\"2025-01-06T14:05:28+01:00\">6. Januar 2025<\/time><\/div>\n\n<h1 style=\"margin-top:0;margin-bottom:var(--wp--preset--spacing--x-small);\" class=\"has-link-color wp-elements-818647ddaecc5acff8cb84a4c982022c wp-block-post-title\"><a href=\"https:\/\/seelen-reich.de\/index.php\/2025\/01\/06\/epiphanie\/\" target=\"_self\" >Epiphanie<\/a><\/h1>\n\n<a style=\"text-transform:uppercase; border-width:2px; padding-right:var(--wp--preset--spacing--x-small);padding-left:var(--wp--preset--spacing--x-small);padding-top:10px;padding-bottom:10px;\" class=\"wp-block-read-more has-text-color has-foreground-color\" href=\"https:\/\/seelen-reich.de\/index.php\/2025\/01\/06\/epiphanie\/\" target=\"_self\">Weiterlesen<span class=\"screen-reader-text\">: Epiphanie<\/span><\/a>\n<\/li><\/ul>\n\n<\/div>\n\n\n\n<div style=\"height:85px\" aria-hidden=\"true\" class=\"wp-block-spacer\"><\/div>\n<\/div>\n<\/div>\n\n\n\n<div class=\"wp-block-group alignfull has-global-padding is-layout-constrained wp-block-group-is-layout-constrained\">\n<div class=\"wp-block-group has-global-padding is-layout-constrained wp-block-group-is-layout-constrained\" style=\"padding-top:var(--wp--preset--spacing--small);padding-bottom:var(--wp--preset--spacing--small)\">\n<div style=\"height:30px\" aria-hidden=\"true\" class=\"wp-block-spacer\"><\/div>\n\n\n\n<div class=\"wp-block-columns is-layout-flex wp-container-core-columns-is-layout-1 wp-block-columns-is-layout-flex\">\n<div class=\"wp-block-column is-vertically-aligned-center is-layout-flow wp-block-column-is-layout-flow\">\n<h2 class=\"wp-block-heading has-medium-font-size\" style=\"text-transform:uppercase\">Meditation<\/h2>\n\n\n\n<p>Meditation ist der Schl\u00fcssel um das Denken, das F\u00fchlen und den Willen wieder neu zu ordnen, damit heilende Kr\u00e4fte fliessen k\u00f6nnen.<\/p>\n\n\n\n<div class=\"wp-block-buttons is-horizontal is-content-justification-left is-layout-flex wp-container-core-buttons-is-layout-3 wp-block-buttons-is-layout-flex\">\n<div class=\"wp-block-button is-style-outline is-style-outline--3\"><a class=\"wp-block-button__link wp-element-button\" href=\"#\" style=\"border-radius:0px\">ABOUT US<\/a><\/div>\n<\/div>\n\n\n\n<p><\/p>\n<\/div>\n\n\n\n<div class=\"wp-block-column is-layout-flow wp-block-column-is-layout-flow\"><\/div>\n<\/div>\n\n\n\n<div style=\"height:30px\" aria-hidden=\"true\" class=\"wp-block-spacer\"><\/div>\n<\/div>\n<\/div>\n\n\n\n<div class=\"wp-block-cover alignfull has-parallax is-position-center-center\" style=\"border-radius:0px;min-height:430px;aspect-ratio:unset;\"><span aria-hidden=\"true\" class=\"wp-block-cover__background has-black-background-color has-background-dim-40 has-background-dim\"><\/span><div class=\"wp-block-cover__image-background wp-image-24 has-parallax\" style=\"background-position:50% 50%;background-image:url(https:\/\/seelen-reich.de\/wp-content\/themes\/inspiro\/assets\/images\/StockSnap_89BQZ89TLH.jpg)\"><\/div><div class=\"wp-block-cover__inner-container is-layout-flow wp-block-cover-is-layout-flow\">\n<div class=\"wp-block-group has-global-padding is-layout-constrained wp-block-group-is-layout-constrained\">\n<h3 class=\"wp-block-heading has-text-align-center has-text-color has-medium-font-size\" style=\"color:#fffffa;text-transform:uppercase\">Empathie<\/h3>\n\n\n\n<p class=\"has-text-align-center has-white-color has-text-color\">Empathief\u00e4higkeit scheint derzeit immer mehr verloren zu gehen durch die Bedr\u00e4ngnisse der \u00e4usseren Welt. Wie k\u00f6nnen wahre Beziehungen und h\u00f6here Wahrnehmungen entwickelt werden ? Ausbildung der Gedankenkontrolle, des Wahrheitsempfindens und der Unterscheidungsf\u00e4higkeit f\u00fchrt dorthin.<\/p>\n\n\n\n<div style=\"height:31px\" aria-hidden=\"true\" class=\"wp-block-spacer\"><\/div>\n\n\n\n<div class=\"wp-block-buttons is-horizontal is-content-justification-center is-layout-flex wp-container-core-buttons-is-layout-4 wp-block-buttons-is-layout-flex\">\n<div class=\"wp-block-button is-style-outline is-style-outline--4\"><a class=\"wp-block-button__link has-white-color has-text-color wp-element-button\" href=\"#\" style=\"border-radius:0px\">CONTACT US<\/a><\/div>\n<\/div>\n<\/div>\n<\/div><\/div>\n\n\n\n<div class=\"wp-block-group has-global-padding is-layout-constrained wp-block-group-is-layout-constrained\"><\/div>\n","protected":false},"excerpt":{"rendered":"<p>Was ist der neue Weg des Herzens ? Die Entwicklung und St\u00e4rkung von Seelenkr\u00e4ften scheint gerade derzeit eine der wichtigsten Aufgaben des Menschen zu sein. Um den vielen Anforderungen des Lebens begegnen zu k\u00f6nnen bietet dieser Weg eine einzigartige M\u00f6glichkeit. Diese Seelenkr\u00e4fte, die nach der okkulten Tradition als das Denken, das F\u00fchlen und der Wille &hellip; <\/p>\n<p class=\"link-more\"><a href=\"https:\/\/seelen-reich.de\/\" class=\"more-link\">Mehr <span class=\"screen-reader-text\">\u00fcber &#8222;Homepage&#8220; <\/span>Lesen<\/a><\/p>\n","protected":false},"author":1,"featured_media":0,"parent":0,"menu_order":0,"comment_status":"closed","ping_status":"closed","template":"page-templates\/homepage-no-hero.php","meta":{"footnotes":""},"class_list":["post-15","page","type-page","status-publish","hentry"],"_links":{"self":[{"href":"https:\/\/seelen-reich.de\/index.php\/wp-json\/wp\/v2\/pages\/15","targetHints":{"allow":["GET"]}}],"collection":[{"href":"https:\/\/seelen-reich.de\/index.php\/wp-json\/wp\/v2\/pages"}],"about":[{"href":"https:\/\/seelen-reich.de\/index.php\/wp-json\/wp\/v2\/types\/page"}],"author":[{"embeddable":true,"href":"https:\/\/seelen-reich.de\/index.php\/wp-json\/wp\/v2\/users\/1"}],"replies":[{"embeddable":true,"href":"https:\/\/seelen-reich.de\/index.php\/wp-json\/wp\/v2\/comments?post=15"}],"version-history":[{"count":10,"href":"https:\/\/seelen-reich.de\/index.php\/wp-json\/wp\/v2\/pages\/15\/revisions"}],"predecessor-version":[{"id":105,"href":"https:\/\/seelen-reich.de\/index.php\/wp-json\/wp\/v2\/pages\/15\/revisions\/105"}],"wp:attachment":[{"href":"https:\/\/seelen-reich.de\/index.php\/wp-json\/wp\/v2\/media?parent=15"}],"curies":[{"name":"wp","href":"https:\/\/api.w.org\/{rel}","templated":true}]}}